{"id":1302,"date":"2025-04-04T16:17:36","date_gmt":"2025-04-04T09:17:36","guid":{"rendered":"https:\/\/lke-tech.com\/?page_id=1302"},"modified":"2025-04-11T09:14:15","modified_gmt":"2025-04-11T02:14:15","slug":"traffic-light-signal-management","status":"publish","type":"page","link":"https:\/\/lke-tech.com\/en\/solution\/smart-city-public-utilities-management\/traffic-light-signal-management\/","title":{"rendered":"Traffic light management"},"content":{"rendered":"<p>[vc_row][vc_column][vc_column_text]<\/p>\n<h2 style=\"text-align: center;\">OUR SOLUTIONS<\/h2>\n<h3 style=\"text-align: center;\">The &#8220;smart lighting pole&#8221; solution is designed and installed on main roads.<\/h3>\n<p>[\/vc_column_text][vc_row_inner][vc_column_inner width=&#8221;5\/12&#8243;][vc_column_text]<\/p>\n<h5><strong>L\u1eafp \u0111\u1eb7t Tr\u1ee5 th\u00f4ng minh v\u1edbi c\u00e1c t\u00ednh n\u0103ng b\u1ea3o m\u1eadt v\u00e0 an to\u00e0n:<\/strong><\/h5>\n<p>[\/vc_column_text][vc_column_text]Main Purpose:<\/p>\n<ul>\n<li>Provide Safety<\/li>\n<li>Enhance Security Measures<\/li>\n<li>Access Information<\/li>\n<li>Convenience<\/li>\n<\/ul>\n<p>Smart Poles are Integrated with:<\/p>\n<ul>\n<li>360 Degree Lights<\/li>\n<li>PACamera Surveillance System<\/li>\n<li>WIFI Hotspot<\/li>\n<li>Emergency Call<\/li>\n<li>SOS Button<\/li>\n<li>Digital Signage<\/li>\n<li>Communication System<\/li>\n<li>Electric Vehicle Charger<\/li>\n<li>Air Quality Sensor<\/li>\n<\/ul>\n<p>[\/vc_column_text][\/vc_column_inner][vc_column_inner width=&#8221;3\/12&#8243;][vc_single_image image=&#8221;752&#8243; img_size=&#8221;full&#8221; alignment=&#8221;center&#8221; el_class=&#8221;px-lg-4&#8243;][\/vc_column_inner][vc_column_inner width=&#8221;4\/12&#8243;][vc_single_image image=&#8221;740&#8243; img_size=&#8221;full&#8221; alignment=&#8221;right&#8221;][\/vc_column_inner][\/vc_row_inner][\/vc_column][\/vc_row][vc_row][vc_column][vc_empty_space height=&#8221;40px&#8221;][vc_column_text]<\/p>\n<h4 style=\"text-align: center;\">Optional for each additional device installed on the smart lamp post<\/h4>\n<p>[\/vc_column_text][vc_single_image image=&#8221;743&#8243; img_size=&#8221;full&#8221; alignment=&#8221;center&#8221;][\/vc_column][\/vc_row][vc_row][vc_column width=&#8221;1\/3&#8243;][vc_single_image image=&#8221;739&#8243; img_size=&#8221;full&#8221; alignment=&#8221;center&#8221;][vc_column_text]<\/p>\n<p style=\"text-align: center;\"><strong>Zhaga wireless hub<\/strong><\/p>\n<p>[\/vc_column_text][vc_column_text]Additional installation with CCTV cameras at specific traffic recording points (intersections, parking lots, etc.) connected to 5G wifi network CCTV Camera.<\/p>\n<p>Daylight sensor integrated inside Zhaga Hub[\/vc_column_text][\/vc_column][vc_column width=&#8221;1\/3&#8243;][vc_single_image image=&#8221;738&#8243; img_size=&#8221;full&#8221; alignment=&#8221;center&#8221;][vc_column_text]<\/p>\n<h5 style=\"text-align: center;\"><strong>Motion Sensor<\/strong><\/h5>\n<p>[\/vc_column_text][vc_column_text]Install wireless street lights with PIR sensors on all car routes to detect vehicles and pedestrians, helping to save energy and analyze traffic on the street thanks to motion heat maps.[\/vc_column_text][\/vc_column][vc_column width=&#8221;1\/3&#8243;][vc_single_image image=&#8221;737&#8243; img_size=&#8221;full&#8221; alignment=&#8221;center&#8221;][vc_column_text]<\/p>\n<h5 style=\"text-align: center;\"><strong>Daylight Sensor<\/strong><\/h5>\n<p>[\/vc_column_text][vc_column_text]Install wireless street lights with light radar sensors at all traffic monitoring points to classify vehicles and pedestrians. Traffic monitoring and analysis[\/vc_column_text][\/vc_column][\/vc_row][vc_row][vc_column][vc_column_text]<\/p>\n<h4 style=\"text-align: center;\">Wireless IoT Platform<\/h4>\n<p>[\/vc_column_text][vc_row_inner][vc_column_inner width=&#8221;1\/2&#8243;][vc_single_image image=&#8221;745&#8243; img_size=&#8221;full&#8221;][\/vc_column_inner][vc_column_inner width=&#8221;1\/2&#8243;][vc_column_text]<\/p>\n<ul>\n<li>Centralized\/Decentralized Control Anytime<\/li>\n<li>API Integration with 3rd Party Dashboards<\/li>\n<li>Demand-Driven Lighting and Scheduling<\/li>\n<li>Energy Savings with Sensors<\/li>\n<li>Light Pollution Reduction<\/li>\n<li>Heat Mapping for Human or Traffic Movement<\/li>\n<li>Wireless Infrastructure<\/li>\n<li>Smart City Deployment<\/li>\n<li>Maintenance Optimization<\/li>\n<li>Automatic Fault Updates<\/li>\n<li>Inventory Control<\/li>\n<li>Preventive Maintenance Schedules<\/li>\n<li>Live Maintenance and Reporting Updates<\/li>\n<\/ul>\n<p>[\/vc_column_text][\/vc_column_inner][\/vc_row_inner][\/vc_column][\/vc_row][vc_row][vc_column width=&#8221;1\/2&#8243;][vc_column_text]<\/p>\n<ul>\n<li>The mesh is organized independently and ensures secure operation even without the Cloud<\/li>\n<li>Wireless communication is based on 2.4GHz and 100% AES encrypted<\/li>\n<li>Lighting behavior is adjusted based on sensor inputs and predefined profiles<\/li>\n<li>New lights are deployed quickly and easily<\/li>\n<li>Individual controllers operate independently of the Gateway<\/li>\n<\/ul>\n<p>[\/vc_column_text][\/vc_column][vc_column width=&#8221;1\/2&#8243;][vc_single_image image=&#8221;746&#8243; img_size=&#8221;full&#8221; alignment=&#8221;center&#8221;][\/vc_column][\/vc_row][vc_row][vc_column width=&#8221;1\/2&#8243;][vc_single_image image=&#8221;747&#8243; img_size=&#8221;full&#8221; alignment=&#8221;right&#8221;][\/vc_column][vc_column width=&#8221;1\/2&#8243;][vc_column_text]<\/p>\n<h5 style=\"text-align: center;\">Heat Map<\/h5>\n<ul>\n<li>Simplify &amp; automate monitoring with low investment.<\/li>\n<li>Heatmaps of people and traffic powered by Light Radar<\/li>\n<li>Reduce requirements for CCTV systems and security guards<\/li>\n<li>Improve privacy<\/li>\n<li>Trigger hierarchical events\/intervention events based on archived records (Emergency\/Cumulative)<\/li>\n<\/ul>\n<p>[\/vc_column_text][\/vc_column][\/vc_row][vc_row][vc_column width=&#8221;1\/2&#8243;][vc_column_text]<\/p>\n<h5 style=\"text-align: center;\">Remote diagnostics &amp; control system<\/h5>\n<ul>\n<li>Remote lighting point management<\/li>\n<li>Real-time control of lighting points<\/li>\n<li>Grouping\/zoning of lighting points<\/li>\n<li>Adjust lighting behavior according to sensor inputs<\/li>\n<li>Read, set and save the brightness adjustment profile of individual luminaires or entire groups<\/li>\n<li>Asset management of all lighting components with lifetime and technical data sheets, e.g. lanterns, LED modules, surge protectors, LED drivers, etc.<\/li>\n<\/ul>\n<p>[\/vc_column_text][\/vc_column][vc_column width=&#8221;1\/2&#8243;][vc_single_image image=&#8221;748&#8243; img_size=&#8221;full&#8221;][\/vc_column][\/vc_row][vc_row][vc_column width=&#8221;1\/2&#8243;][vc_single_image image=&#8221;749&#8243; img_size=&#8221;full&#8221;][\/vc_column][vc_column width=&#8221;1\/2&#8243;][vc_column_text]<\/p>\n<ul>\n<li>Get information directly from the map<\/li>\n<li>Light dimming level<\/li>\n<li>Alarms<\/li>\n<li>Activated sensors<\/li>\n<li>See disabled connection points<\/li>\n<li>Show energy consumption of individual light points or groups.<\/li>\n<li>Scheduled event log and deviation<\/li>\n<\/ul>\n<p>[\/vc_column_text][\/vc_column][\/vc_row][vc_row][vc_column width=&#8221;1\/2&#8243;][vc_column_text]<\/p>\n<ul>\n<li>Easy to install and operate<\/li>\n<li>Easily add and map light points<\/li>\n<li>Monitor fixture status and lifecycle<\/li>\n<li>Performance-based maintenance tasks<\/li>\n<li>Remotely assign tasks<\/li>\n<li>Control maintenance teams from the map<\/li>\n<li>Request third-party support<\/li>\n<li>Log in and record your maintenance work<\/li>\n<\/ul>\n<p>[\/vc_column_text][\/vc_column][vc_column width=&#8221;1\/2&#8243;][vc_single_image image=&#8221;750&#8243; img_size=&#8221;full&#8221;][\/vc_column][\/vc_row]<\/p>\n","protected":false},"excerpt":{"rendered":"<p>[vc_row][vc_column][vc_column_text] OUR SOLUTIONS The &#8220;smart lighting pole&#8221; solution is designed and installed on main roads. [\/vc_column_text][vc_row_inner][vc_column_inner width=&#8221;5\/12&#8243;][vc_column_text] L\u1eafp \u0111\u1eb7t Tr\u1ee5 th\u00f4ng minh v\u1edbi c\u00e1c t\u00ednh n\u0103ng b\u1ea3o m\u1eadt v\u00e0 an to\u00e0n: [\/vc_column_text][vc_column_text]Main Purpose: Provide Safety Enhance Security Measures Access Information Convenience Smart Poles are Integrated with: 360 Degree Lights PACamera Surveillance System WIFI Hotspot Emergency<\/p>\n","protected":false},"author":1,"featured_media":0,"parent":1298,"menu_order":0,"comment_status":"closed","ping_status":"closed","template":"page-templates\/fullwidthpage.php","meta":{"footnotes":""},"class_list":["post-1302","page","type-page","status-publish","hentry"],"yoast_head":"<!-- This site is optimized with the Yoast SEO plugin v25.2 - https:\/\/yoast.com\/wordpress\/plugins\/seo\/ -->\n<title>Traffic light management - LK Smart Engineering<\/title>\n<meta name=\"robots\" content=\"index, follow, max-snippet:-1, max-image-preview:large, max-video-preview:-1\" \/>\n<link rel=\"canonical\" href=\"https:\/\/lke-tech.com\/en\/solution\/smart-city-public-utilities-management\/traffic-light-signal-management\/\" \/>\n<meta property=\"og:locale\" content=\"en_US\" \/>\n<meta property=\"og:type\" content=\"article\" \/>\n<meta property=\"og:title\" content=\"Traffic light management - LK Smart Engineering\" \/>\n<meta property=\"og:description\" content=\"[vc_row][vc_column][vc_column_text] OUR SOLUTIONS The &#8220;smart lighting pole&#8221; solution is designed and installed on main roads. [\/vc_column_text][vc_row_inner][vc_column_inner width=&#8221;5\/12&#8243;][vc_column_text] L\u1eafp \u0111\u1eb7t Tr\u1ee5 th\u00f4ng minh v\u1edbi c\u00e1c t\u00ednh n\u0103ng b\u1ea3o m\u1eadt v\u00e0 an to\u00e0n: [\/vc_column_text][vc_column_text]Main Purpose: Provide Safety Enhance Security Measures Access Information Convenience Smart Poles are Integrated with: 360 Degree Lights PACamera Surveillance System WIFI Hotspot Emergency\" \/>\n<meta property=\"og:url\" content=\"https:\/\/lke-tech.com\/en\/solution\/smart-city-public-utilities-management\/traffic-light-signal-management\/\" \/>\n<meta property=\"og:site_name\" content=\"LK Smart Engineering\" \/>\n<meta property=\"article:publisher\" content=\"https:\/\/www.facebook.com\/LKEngineering.official\" \/>\n<meta property=\"article:modified_time\" content=\"2025-04-11T02:14:15+00:00\" \/>\n<meta name=\"twitter:card\" content=\"summary_large_image\" \/>\n<meta name=\"twitter:label1\" content=\"Est. reading time\" \/>\n\t<meta name=\"twitter:data1\" content=\"3 minutes\" \/>\n<script type=\"application\/ld+json\" class=\"yoast-schema-graph\">{\"@context\":\"https:\/\/schema.org\",\"@graph\":[{\"@type\":\"WebPage\",\"@id\":\"https:\/\/lke-tech.com\/en\/solution\/smart-city-public-utilities-management\/traffic-light-signal-management\/\",\"url\":\"https:\/\/lke-tech.com\/en\/solution\/smart-city-public-utilities-management\/traffic-light-signal-management\/\",\"name\":\"Traffic light management - LK Smart Engineering\",\"isPartOf\":{\"@id\":\"https:\/\/lke-tech.com\/#website\"},\"datePublished\":\"2025-04-04T09:17:36+00:00\",\"dateModified\":\"2025-04-11T02:14:15+00:00\",\"breadcrumb\":{\"@id\":\"https:\/\/lke-tech.com\/en\/solution\/smart-city-public-utilities-management\/traffic-light-signal-management\/#breadcrumb\"},\"inLanguage\":\"en-US\",\"potentialAction\":[{\"@type\":\"ReadAction\",\"target\":[\"https:\/\/lke-tech.com\/en\/solution\/smart-city-public-utilities-management\/traffic-light-signal-management\/\"]}]},{\"@type\":\"BreadcrumbList\",\"@id\":\"https:\/\/lke-tech.com\/en\/solution\/smart-city-public-utilities-management\/traffic-light-signal-management\/#breadcrumb\",\"itemListElement\":[{\"@type\":\"ListItem\",\"position\":1,\"name\":\"Trang ch\u1ee7\",\"item\":\"https:\/\/lke-tech.com\/en\/trang-chu-demo\/\"},{\"@type\":\"ListItem\",\"position\":2,\"name\":\"Solution\",\"item\":\"https:\/\/lke-tech.com\/en\/solution\/\"},{\"@type\":\"ListItem\",\"position\":3,\"name\":\"Smart City Public Utilities Management\",\"item\":\"https:\/\/lke-tech.com\/en\/solution\/smart-city-public-utilities-management\/\"},{\"@type\":\"ListItem\",\"position\":4,\"name\":\"Traffic light management\"}]},{\"@type\":\"WebSite\",\"@id\":\"https:\/\/lke-tech.com\/#website\",\"url\":\"https:\/\/lke-tech.com\/\",\"name\":\"LK Smart Engineering\",\"description\":\"M\u1ed9t trang web m\u1edbi s\u1eed d\u1ee5ng WordPress\",\"publisher\":{\"@id\":\"https:\/\/lke-tech.com\/#organization\"},\"potentialAction\":[{\"@type\":\"SearchAction\",\"target\":{\"@type\":\"EntryPoint\",\"urlTemplate\":\"https:\/\/lke-tech.com\/?s={search_term_string}\"},\"query-input\":{\"@type\":\"PropertyValueSpecification\",\"valueRequired\":true,\"valueName\":\"search_term_string\"}}],\"inLanguage\":\"en-US\"},{\"@type\":\"Organization\",\"@id\":\"https:\/\/lke-tech.com\/#organization\",\"name\":\"C\u00d4NG TY TNHH K\u1ef8 THU\u1eacT LK\",\"alternateName\":\"LK Engineering\",\"url\":\"https:\/\/lke-tech.com\/\",\"logo\":{\"@type\":\"ImageObject\",\"inLanguage\":\"en-US\",\"@id\":\"https:\/\/lke-tech.com\/#\/schema\/logo\/image\/\",\"url\":\"https:\/\/lke-tech.com\/wp-content\/uploads\/2025\/04\/Ombre.png\",\"contentUrl\":\"https:\/\/lke-tech.com\/wp-content\/uploads\/2025\/04\/Ombre.png\",\"width\":473,\"height\":473,\"caption\":\"C\u00d4NG TY TNHH K\u1ef8 THU\u1eacT LK\"},\"image\":{\"@id\":\"https:\/\/lke-tech.com\/#\/schema\/logo\/image\/\"},\"sameAs\":[\"https:\/\/www.facebook.com\/LKEngineering.official\"]}]}<\/script>\n<!-- \/ Yoast SEO plugin. -->","yoast_head_json":{"title":"Traffic light management - LK Smart Engineering","robots":{"index":"index","follow":"follow","max-snippet":"max-snippet:-1","max-image-preview":"max-image-preview:large","max-video-preview":"max-video-preview:-1"},"canonical":"https:\/\/lke-tech.com\/en\/solution\/smart-city-public-utilities-management\/traffic-light-signal-management\/","og_locale":"en_US","og_type":"article","og_title":"Traffic light management - LK Smart Engineering","og_description":"[vc_row][vc_column][vc_column_text] OUR SOLUTIONS The &#8220;smart lighting pole&#8221; solution is designed and installed on main roads. [\/vc_column_text][vc_row_inner][vc_column_inner width=&#8221;5\/12&#8243;][vc_column_text] L\u1eafp \u0111\u1eb7t Tr\u1ee5 th\u00f4ng minh v\u1edbi c\u00e1c t\u00ednh n\u0103ng b\u1ea3o m\u1eadt v\u00e0 an to\u00e0n: [\/vc_column_text][vc_column_text]Main Purpose: Provide Safety Enhance Security Measures Access Information Convenience Smart Poles are Integrated with: 360 Degree Lights PACamera Surveillance System WIFI Hotspot Emergency","og_url":"https:\/\/lke-tech.com\/en\/solution\/smart-city-public-utilities-management\/traffic-light-signal-management\/","og_site_name":"LK Smart Engineering","article_publisher":"https:\/\/www.facebook.com\/LKEngineering.official","article_modified_time":"2025-04-11T02:14:15+00:00","twitter_card":"summary_large_image","twitter_misc":{"Est. reading time":"3 minutes"},"schema":{"@context":"https:\/\/schema.org","@graph":[{"@type":"WebPage","@id":"https:\/\/lke-tech.com\/en\/solution\/smart-city-public-utilities-management\/traffic-light-signal-management\/","url":"https:\/\/lke-tech.com\/en\/solution\/smart-city-public-utilities-management\/traffic-light-signal-management\/","name":"Traffic light management - LK Smart Engineering","isPartOf":{"@id":"https:\/\/lke-tech.com\/#website"},"datePublished":"2025-04-04T09:17:36+00:00","dateModified":"2025-04-11T02:14:15+00:00","breadcrumb":{"@id":"https:\/\/lke-tech.com\/en\/solution\/smart-city-public-utilities-management\/traffic-light-signal-management\/#breadcrumb"},"inLanguage":"en-US","potentialAction":[{"@type":"ReadAction","target":["https:\/\/lke-tech.com\/en\/solution\/smart-city-public-utilities-management\/traffic-light-signal-management\/"]}]},{"@type":"BreadcrumbList","@id":"https:\/\/lke-tech.com\/en\/solution\/smart-city-public-utilities-management\/traffic-light-signal-management\/#breadcrumb","itemListElement":[{"@type":"ListItem","position":1,"name":"Trang ch\u1ee7","item":"https:\/\/lke-tech.com\/en\/trang-chu-demo\/"},{"@type":"ListItem","position":2,"name":"Solution","item":"https:\/\/lke-tech.com\/en\/solution\/"},{"@type":"ListItem","position":3,"name":"Smart City Public Utilities Management","item":"https:\/\/lke-tech.com\/en\/solution\/smart-city-public-utilities-management\/"},{"@type":"ListItem","position":4,"name":"Traffic light management"}]},{"@type":"WebSite","@id":"https:\/\/lke-tech.com\/#website","url":"https:\/\/lke-tech.com\/","name":"LK Smart Engineering","description":"M\u1ed9t trang web m\u1edbi s\u1eed d\u1ee5ng WordPress","publisher":{"@id":"https:\/\/lke-tech.com\/#organization"},"potentialAction":[{"@type":"SearchAction","target":{"@type":"EntryPoint","urlTemplate":"https:\/\/lke-tech.com\/?s={search_term_string}"},"query-input":{"@type":"PropertyValueSpecification","valueRequired":true,"valueName":"search_term_string"}}],"inLanguage":"en-US"},{"@type":"Organization","@id":"https:\/\/lke-tech.com\/#organization","name":"C\u00d4NG TY TNHH K\u1ef8 THU\u1eacT LK","alternateName":"LK Engineering","url":"https:\/\/lke-tech.com\/","logo":{"@type":"ImageObject","inLanguage":"en-US","@id":"https:\/\/lke-tech.com\/#\/schema\/logo\/image\/","url":"https:\/\/lke-tech.com\/wp-content\/uploads\/2025\/04\/Ombre.png","contentUrl":"https:\/\/lke-tech.com\/wp-content\/uploads\/2025\/04\/Ombre.png","width":473,"height":473,"caption":"C\u00d4NG TY TNHH K\u1ef8 THU\u1eacT LK"},"image":{"@id":"https:\/\/lke-tech.com\/#\/schema\/logo\/image\/"},"sameAs":["https:\/\/www.facebook.com\/LKEngineering.official"]}]}},"_links":{"self":[{"href":"https:\/\/lke-tech.com\/en\/wp-json\/wp\/v2\/pages\/1302","targetHints":{"allow":["GET"]}}],"collection":[{"href":"https:\/\/lke-tech.com\/en\/wp-json\/wp\/v2\/pages"}],"about":[{"href":"https:\/\/lke-tech.com\/en\/wp-json\/wp\/v2\/types\/page"}],"author":[{"embeddable":true,"href":"https:\/\/lke-tech.com\/en\/wp-json\/wp\/v2\/users\/1"}],"replies":[{"embeddable":true,"href":"https:\/\/lke-tech.com\/en\/wp-json\/wp\/v2\/comments?post=1302"}],"version-history":[{"count":2,"href":"https:\/\/lke-tech.com\/en\/wp-json\/wp\/v2\/pages\/1302\/revisions"}],"predecessor-version":[{"id":1464,"href":"https:\/\/lke-tech.com\/en\/wp-json\/wp\/v2\/pages\/1302\/revisions\/1464"}],"up":[{"embeddable":true,"href":"https:\/\/lke-tech.com\/en\/wp-json\/wp\/v2\/pages\/1298"}],"wp:attachment":[{"href":"https:\/\/lke-tech.com\/en\/wp-json\/wp\/v2\/media?parent=1302"}],"curies":[{"name":"wp","href":"https:\/\/api.w.org\/{rel}","templated":true}]}}