{"id":1304,"date":"2025-04-04T16:22:34","date_gmt":"2025-04-04T09:22:34","guid":{"rendered":"https:\/\/lke-tech.com\/?page_id=1304"},"modified":"2025-04-04T16:22:34","modified_gmt":"2025-04-04T09:22:34","slug":"centralized-management","status":"publish","type":"page","link":"https:\/\/lke-tech.com\/en\/solution\/smart-city-public-utilities-management\/centralized-management\/","title":{"rendered":"Centralized management"},"content":{"rendered":"<p>[vc_row][vc_column][vc_column_text]<\/p>\n<h2 style=\"text-align: center;\">Centralized Management &#8211; IOC Smart Operations Center<\/h2>\n<p>&#8220;Centralized Management&#8221; is a management method in which all operations and decisions are centralized at a single center.<\/p>\n<p>&#8220;Intelligent Operation Center IOC&#8221; is a centralized management center that uses intelligent technology to automate and control system operations. It uses machine learning and artificial intelligence algorithms to automatically analyze data and manage system operations.<\/p>\n<p>The Intelligent Operation and Monitoring Center (IOC) is an information technology system including infrastructure, hardware, and software that has the function of collecting specialized databases of agencies and units and processing and analyzing them to produce output results that meet the requirements of direction and operation of all levels of government and agencies, units, enterprises, factories, etc.<\/p>\n<p>The application of smart solutions in operation will help the city develop a modern, smart urban area with high quality of life, impressing tourists and local people and ensuring security and order.[\/vc_column_text][vc_column_text]<\/p>\n<h2 style=\"text-align: center;\">Smart Operation Monitoring Center Room<\/h2>\n<p>[\/vc_column_text][\/vc_column][\/vc_row][vc_row][vc_column width=&#8221;1\/2&#8243;][vc_single_image image=&#8221;934&#8243; img_size=&#8221;full&#8221; alignment=&#8221;center&#8221;][\/vc_column][vc_column width=&#8221;1\/2&#8243;][vc_column_text]<\/p>\n<h4>System structure<\/h4>\n<ul>\n<li>SignageCMS Software<\/li>\n<li>LCD Display<\/li>\n<li>Media Player (DS-980)<\/li>\n<li>Control Panel (UTC-520E)<\/li>\n<\/ul>\n<p><strong>Outstanding features:<\/strong><\/p>\n<ul>\n<li>Intelligent interactive data reporting.<\/li>\n<li>Single device centralized information.<\/li>\n<li>Overall performance management metrics.<\/li>\n<\/ul>\n<p>[\/vc_column_text][\/vc_column][\/vc_row][vc_row][vc_column][vc_column_text]<\/p>\n<h4 style=\"text-align: center;\">Content Presentation Software-SignageCMS<\/h4>\n<p style=\"text-align: center;\">Web-based content management system<\/p>\n<p>[\/vc_column_text][vc_single_image image=&#8221;937&#8243; img_size=&#8221;full&#8221; alignment=&#8221;center&#8221;][vc_column_text]<\/p>\n<h4 style=\"text-align: center;\">Control Panel-UTC-520E<\/h4>\n<p>[\/vc_column_text][vc_single_image image=&#8221;938&#8243; img_size=&#8221;full&#8221; alignment=&#8221;center&#8221;][vc_column_text]<\/p>\n<h4 style=\"text-align: center;\"><b>Media<\/b> <b>Player-DS-980<\/b><\/h4>\n<p>[\/vc_column_text][vc_single_image image=&#8221;939&#8243; img_size=&#8221;full&#8221; alignment=&#8221;center&#8221;][vc_column_text]<\/p>\n<h4 style=\"text-align: center;\">LCD Wall-2 x 55\u201d and 1 x 86\u201d Digital Display<\/h4>\n<p>[\/vc_column_text][vc_single_image image=&#8221;940&#8243; img_size=&#8221;full&#8221; alignment=&#8221;center&#8221;][\/vc_column][\/vc_row][vc_row][vc_column][vc_column_text]<\/p>\n<h3><strong><span style=\"font-size: 12pt; font-family: 'arial black', sans-serif;\">C\u00e1c b\u00e0i vi\u1ebft c\u00f3 li\u00ean quan:<\/span><\/strong><\/h3>\n<p><a href=\"https:\/\/lke-tech.com\/en\/solution\/smart-city-public-utilities-management\/environmental-monitoring-and-management\/\">Gi\u1ea3i ph\u00e1p gi\u00e1m s\u00e1t v\u00e0 qu\u1ea3n l\u00fd m\u00f4i tr\u01b0\u1eddng<\/a><\/p>\n<p><a href=\"https:\/\/lke-tech.com\/en\/solution\/smart-city-public-utilities-management\/traffic-light-signal-management\/\">Gi\u1ea3i ph\u00e1p qu\u1ea3n l\u00fd \u0111\u00e8n \u0111\u01b0\u1eddng t\u00edn hi\u1ec7u giao th\u00f4ng<\/a><\/p>\n<p class=\"title text-capitalize text-jose\"><a href=\"https:\/\/lke-tech.com\/giai-phap\/quan-ly-tien-ich-cong-cong\/quan-tri-nang-luong-2\/\">Gi\u1ea3i ph\u00e1p qu\u1ea3n tr\u1ecb n\u0103ng l\u01b0\u1ee3ng<\/a><\/p>\n<p><a href=\"https:\/\/lke-tech.com\/en\/solution\/room-control\/\">Gi\u1ea3i ph\u00e1p \u0111i\u1ec1u khi\u1ec3n ph\u00f2ng<\/a><\/p>\n<p><a href=\"https:\/\/lke-tech.com\/en\/solution\/building-monitoring-control\/\">Gi\u1ea3i ph\u00e1p \u0111i\u1ec1u khi\u1ec3n gi\u00e1m s\u00e1t t\u00f2a nh\u00e0<\/a><\/p>\n<p><a href=\"https:\/\/lke-tech.com\/en\/solution\/lighting-control\/\">Gi\u1ea3i ph\u00e1p \u0111i\u1ec1u khi\u1ec3n chi\u1ebfu s\u00e1ng<\/a>[\/vc_column_text][\/vc_column][\/vc_row]<\/p>\n","protected":false},"excerpt":{"rendered":"<p>[vc_row][vc_column][vc_column_text] Centralized Management &#8211; IOC Smart Operations Center &#8220;Centralized Management&#8221; is a management method in which all operations and decisions are centralized at a single center. &#8220;Intelligent Operation Center IOC&#8221; is a centralized management center that uses intelligent technology to automate and control system operations. It uses machine learning and artificial intelligence algorithms to automatically<\/p>\n","protected":false},"author":1,"featured_media":0,"parent":1298,"menu_order":0,"comment_status":"closed","ping_status":"closed","template":"page-templates\/fullwidthpage.php","meta":{"footnotes":""},"class_list":["post-1304","page","type-page","status-publish","hentry"],"yoast_head":"<!-- This site is optimized with the Yoast SEO plugin v25.2 - https:\/\/yoast.com\/wordpress\/plugins\/seo\/ -->\n<title>Centralized management - LK Smart Engineering<\/title>\n<meta name=\"robots\" content=\"index, follow, max-snippet:-1, max-image-preview:large, max-video-preview:-1\" \/>\n<link rel=\"canonical\" href=\"https:\/\/lke-tech.com\/en\/solution\/smart-city-public-utilities-management\/centralized-management\/\" \/>\n<meta property=\"og:locale\" content=\"en_US\" \/>\n<meta property=\"og:type\" content=\"article\" \/>\n<meta property=\"og:title\" content=\"Centralized management - LK Smart Engineering\" \/>\n<meta property=\"og:description\" content=\"[vc_row][vc_column][vc_column_text] Centralized Management &#8211; IOC Smart Operations Center &#8220;Centralized Management&#8221; is a management method in which all operations and decisions are centralized at a single center. &#8220;Intelligent Operation Center IOC&#8221; is a centralized management center that uses intelligent technology to automate and control system operations. It uses machine learning and artificial intelligence algorithms to automatically\" \/>\n<meta property=\"og:url\" content=\"https:\/\/lke-tech.com\/en\/solution\/smart-city-public-utilities-management\/centralized-management\/\" \/>\n<meta property=\"og:site_name\" content=\"LK Smart Engineering\" \/>\n<meta property=\"article:publisher\" content=\"https:\/\/www.facebook.com\/LKEngineering.official\" \/>\n<meta name=\"twitter:card\" content=\"summary_large_image\" \/>\n<meta name=\"twitter:label1\" content=\"Est. reading time\" \/>\n\t<meta name=\"twitter:data1\" content=\"2 minutes\" \/>\n<script type=\"application\/ld+json\" class=\"yoast-schema-graph\">{\"@context\":\"https:\/\/schema.org\",\"@graph\":[{\"@type\":\"WebPage\",\"@id\":\"https:\/\/lke-tech.com\/en\/solution\/smart-city-public-utilities-management\/centralized-management\/\",\"url\":\"https:\/\/lke-tech.com\/en\/solution\/smart-city-public-utilities-management\/centralized-management\/\",\"name\":\"Centralized management - LK Smart Engineering\",\"isPartOf\":{\"@id\":\"https:\/\/lke-tech.com\/#website\"},\"datePublished\":\"2025-04-04T09:22:34+00:00\",\"breadcrumb\":{\"@id\":\"https:\/\/lke-tech.com\/en\/solution\/smart-city-public-utilities-management\/centralized-management\/#breadcrumb\"},\"inLanguage\":\"en-US\",\"potentialAction\":[{\"@type\":\"ReadAction\",\"target\":[\"https:\/\/lke-tech.com\/en\/solution\/smart-city-public-utilities-management\/centralized-management\/\"]}]},{\"@type\":\"BreadcrumbList\",\"@id\":\"https:\/\/lke-tech.com\/en\/solution\/smart-city-public-utilities-management\/centralized-management\/#breadcrumb\",\"itemListElement\":[{\"@type\":\"ListItem\",\"position\":1,\"name\":\"Trang ch\u1ee7\",\"item\":\"https:\/\/lke-tech.com\/en\/trang-chu-demo\/\"},{\"@type\":\"ListItem\",\"position\":2,\"name\":\"Solution\",\"item\":\"https:\/\/lke-tech.com\/en\/solution\/\"},{\"@type\":\"ListItem\",\"position\":3,\"name\":\"Smart City Public Utilities Management\",\"item\":\"https:\/\/lke-tech.com\/en\/solution\/smart-city-public-utilities-management\/\"},{\"@type\":\"ListItem\",\"position\":4,\"name\":\"Centralized management\"}]},{\"@type\":\"WebSite\",\"@id\":\"https:\/\/lke-tech.com\/#website\",\"url\":\"https:\/\/lke-tech.com\/\",\"name\":\"LK Smart Engineering\",\"description\":\"M\u1ed9t trang web m\u1edbi s\u1eed d\u1ee5ng WordPress\",\"publisher\":{\"@id\":\"https:\/\/lke-tech.com\/#organization\"},\"potentialAction\":[{\"@type\":\"SearchAction\",\"target\":{\"@type\":\"EntryPoint\",\"urlTemplate\":\"https:\/\/lke-tech.com\/?s={search_term_string}\"},\"query-input\":{\"@type\":\"PropertyValueSpecification\",\"valueRequired\":true,\"valueName\":\"search_term_string\"}}],\"inLanguage\":\"en-US\"},{\"@type\":\"Organization\",\"@id\":\"https:\/\/lke-tech.com\/#organization\",\"name\":\"C\u00d4NG TY TNHH K\u1ef8 THU\u1eacT LK\",\"alternateName\":\"LK Engineering\",\"url\":\"https:\/\/lke-tech.com\/\",\"logo\":{\"@type\":\"ImageObject\",\"inLanguage\":\"en-US\",\"@id\":\"https:\/\/lke-tech.com\/#\/schema\/logo\/image\/\",\"url\":\"https:\/\/lke-tech.com\/wp-content\/uploads\/2025\/04\/Ombre.png\",\"contentUrl\":\"https:\/\/lke-tech.com\/wp-content\/uploads\/2025\/04\/Ombre.png\",\"width\":473,\"height\":473,\"caption\":\"C\u00d4NG TY TNHH K\u1ef8 THU\u1eacT LK\"},\"image\":{\"@id\":\"https:\/\/lke-tech.com\/#\/schema\/logo\/image\/\"},\"sameAs\":[\"https:\/\/www.facebook.com\/LKEngineering.official\"]}]}<\/script>\n<!-- \/ Yoast SEO plugin. -->","yoast_head_json":{"title":"Centralized management - LK Smart Engineering","robots":{"index":"index","follow":"follow","max-snippet":"max-snippet:-1","max-image-preview":"max-image-preview:large","max-video-preview":"max-video-preview:-1"},"canonical":"https:\/\/lke-tech.com\/en\/solution\/smart-city-public-utilities-management\/centralized-management\/","og_locale":"en_US","og_type":"article","og_title":"Centralized management - LK Smart Engineering","og_description":"[vc_row][vc_column][vc_column_text] Centralized Management &#8211; IOC Smart Operations Center &#8220;Centralized Management&#8221; is a management method in which all operations and decisions are centralized at a single center. &#8220;Intelligent Operation Center IOC&#8221; is a centralized management center that uses intelligent technology to automate and control system operations. It uses machine learning and artificial intelligence algorithms to automatically","og_url":"https:\/\/lke-tech.com\/en\/solution\/smart-city-public-utilities-management\/centralized-management\/","og_site_name":"LK Smart Engineering","article_publisher":"https:\/\/www.facebook.com\/LKEngineering.official","twitter_card":"summary_large_image","twitter_misc":{"Est. reading time":"2 minutes"},"schema":{"@context":"https:\/\/schema.org","@graph":[{"@type":"WebPage","@id":"https:\/\/lke-tech.com\/en\/solution\/smart-city-public-utilities-management\/centralized-management\/","url":"https:\/\/lke-tech.com\/en\/solution\/smart-city-public-utilities-management\/centralized-management\/","name":"Centralized management - LK Smart Engineering","isPartOf":{"@id":"https:\/\/lke-tech.com\/#website"},"datePublished":"2025-04-04T09:22:34+00:00","breadcrumb":{"@id":"https:\/\/lke-tech.com\/en\/solution\/smart-city-public-utilities-management\/centralized-management\/#breadcrumb"},"inLanguage":"en-US","potentialAction":[{"@type":"ReadAction","target":["https:\/\/lke-tech.com\/en\/solution\/smart-city-public-utilities-management\/centralized-management\/"]}]},{"@type":"BreadcrumbList","@id":"https:\/\/lke-tech.com\/en\/solution\/smart-city-public-utilities-management\/centralized-management\/#breadcrumb","itemListElement":[{"@type":"ListItem","position":1,"name":"Trang ch\u1ee7","item":"https:\/\/lke-tech.com\/en\/trang-chu-demo\/"},{"@type":"ListItem","position":2,"name":"Solution","item":"https:\/\/lke-tech.com\/en\/solution\/"},{"@type":"ListItem","position":3,"name":"Smart City Public Utilities Management","item":"https:\/\/lke-tech.com\/en\/solution\/smart-city-public-utilities-management\/"},{"@type":"ListItem","position":4,"name":"Centralized management"}]},{"@type":"WebSite","@id":"https:\/\/lke-tech.com\/#website","url":"https:\/\/lke-tech.com\/","name":"LK Smart Engineering","description":"M\u1ed9t trang web m\u1edbi s\u1eed d\u1ee5ng WordPress","publisher":{"@id":"https:\/\/lke-tech.com\/#organization"},"potentialAction":[{"@type":"SearchAction","target":{"@type":"EntryPoint","urlTemplate":"https:\/\/lke-tech.com\/?s={search_term_string}"},"query-input":{"@type":"PropertyValueSpecification","valueRequired":true,"valueName":"search_term_string"}}],"inLanguage":"en-US"},{"@type":"Organization","@id":"https:\/\/lke-tech.com\/#organization","name":"C\u00d4NG TY TNHH K\u1ef8 THU\u1eacT LK","alternateName":"LK Engineering","url":"https:\/\/lke-tech.com\/","logo":{"@type":"ImageObject","inLanguage":"en-US","@id":"https:\/\/lke-tech.com\/#\/schema\/logo\/image\/","url":"https:\/\/lke-tech.com\/wp-content\/uploads\/2025\/04\/Ombre.png","contentUrl":"https:\/\/lke-tech.com\/wp-content\/uploads\/2025\/04\/Ombre.png","width":473,"height":473,"caption":"C\u00d4NG TY TNHH K\u1ef8 THU\u1eacT LK"},"image":{"@id":"https:\/\/lke-tech.com\/#\/schema\/logo\/image\/"},"sameAs":["https:\/\/www.facebook.com\/LKEngineering.official"]}]}},"_links":{"self":[{"href":"https:\/\/lke-tech.com\/en\/wp-json\/wp\/v2\/pages\/1304","targetHints":{"allow":["GET"]}}],"collection":[{"href":"https:\/\/lke-tech.com\/en\/wp-json\/wp\/v2\/pages"}],"about":[{"href":"https:\/\/lke-tech.com\/en\/wp-json\/wp\/v2\/types\/page"}],"author":[{"embeddable":true,"href":"https:\/\/lke-tech.com\/en\/wp-json\/wp\/v2\/users\/1"}],"replies":[{"embeddable":true,"href":"https:\/\/lke-tech.com\/en\/wp-json\/wp\/v2\/comments?post=1304"}],"version-history":[{"count":1,"href":"https:\/\/lke-tech.com\/en\/wp-json\/wp\/v2\/pages\/1304\/revisions"}],"predecessor-version":[{"id":1305,"href":"https:\/\/lke-tech.com\/en\/wp-json\/wp\/v2\/pages\/1304\/revisions\/1305"}],"up":[{"embeddable":true,"href":"https:\/\/lke-tech.com\/en\/wp-json\/wp\/v2\/pages\/1298"}],"wp:attachment":[{"href":"https:\/\/lke-tech.com\/en\/wp-json\/wp\/v2\/media?parent=1304"}],"curies":[{"name":"wp","href":"https:\/\/api.w.org\/{rel}","templated":true}]}}